{"id":10284,"date":"2023-01-13T11:21:01","date_gmt":"2023-01-13T11:21:01","guid":{"rendered":"https:\/\/passivhaus.pt\/contacts\/"},"modified":"2023-08-09T16:11:38","modified_gmt":"2023-08-09T15:11:38","slug":"contacts","status":"publish","type":"page","link":"https:\/\/passivhaus.pt\/en\/contacts\/","title":{"rendered":"Contacts"},"content":{"rendered":"\t\t<div data-elementor-type=\"wp-page\" data-elementor-id=\"10284\" class=\"elementor elementor-10284 elementor-6459\" data-elementor-post-type=\"page\">\n\t\t\t\t        <section class=\"has_eae_slider has_ae_slider elementor-section elementor-top-section elementor-element elementor-element-57a810c elementor-section-boxed elementor-section-height-default elementor-section-height-default pxl-section-overflow-hidden-no ae-bg-gallery-type-default\" data-eae-slider=\"49473\" data-id=\"57a810c\" data-element_type=\"section\">\n\n                \n                <div class=\"elementor-container elementor-column-gap-default \">\n                <div class=\"has_eae_slider has_ae_slider elementor-column elementor-col-33 elementor-top-column elementor-element elementor-element-b8fca28 pxl-column-element-default ae-bg-gallery-type-default\" data-eae-slider=\"79711\" data-id=\"b8fca28\" data-element_type=\"column\">\r\n        <div class=\"elementor-widget-wrap elementor-element-populated\">\r\n                     \r\n        \t\t<div class=\"elementor-element elementor-element-251bbd9 pxl-contact-info-layout-1 elementor-invisible pxl-elementor-animate elementor-widget elementor-widget-pxl_contact_info\" data-id=\"251bbd9\" data-element_type=\"widget\" data-settings=\"{&quot;_animation&quot;:&quot;fadeInUp&quot;}\" data-widget_type=\"pxl_contact_info.default\">\n\t\t\t\t<div class=\"elementor-widget-container\">\n\t\t\t\t\t<div class=\"pxl-ci-wrap d-flex layout-1\">\n\t<div class=\"ci-content-wrap col\">\n\t\t<div class=\"d-flex content-inner\">\n\t\t\t<div class=\"ci-icons col-auto\">\n\t\t\t\t<span aria-hidden=\"true\" class=\"pxl-icon pxli pxli-address\"><\/span>\t\t\t<\/div>\n\t\t\t<div class=\"ci-content col\">\n\t\t\t\t\t\t\t\t\t<h4 class=\"ci-title\">Morada<\/h4> \n\t\t\t\t\t\t\t\t\t\t\t\t\t<div class=\"ci-desc\">Av. 25 de Abril, n\u00ba 33, 3\u00ba E\/F<br \/>\n3830 \u2013 044 \u00cdlhavo, Aveiro<\/div> \n\t\t\t\t\t\t\t<\/div>\n\t\t<\/div>\n\t<\/div>\n<\/div>\t\t\t\t<\/div>\n\t\t\t\t<\/div>\n\t\t\t\t<div class=\"elementor-element elementor-element-1a41a70 pxl-contact-info-layout-1 elementor-invisible pxl-elementor-animate elementor-widget elementor-widget-pxl_contact_info\" data-id=\"1a41a70\" data-element_type=\"widget\" data-settings=\"{&quot;_animation&quot;:&quot;fadeInUp&quot;}\" data-widget_type=\"pxl_contact_info.default\">\n\t\t\t\t<div class=\"elementor-widget-container\">\n\t\t\t\t\t<div class=\"pxl-ci-wrap d-flex layout-1\">\n\t<div class=\"ci-content-wrap col\">\n\t\t<div class=\"d-flex content-inner\">\n\t\t\t<div class=\"ci-icons col-auto\">\n\t\t\t\t<span aria-hidden=\"true\" class=\"pxl-icon pxli pxli-hours-support\"><\/span>\t\t\t<\/div>\n\t\t\t<div class=\"ci-content col\">\n\t\t\t\t\t\t\t\t\t<h4 class=\"ci-title\">Telefone<\/h4> \n\t\t\t\t\t\t\t\t\t\t\t\t\t<div class=\"ci-desc\"><a href=\"tel:+351 234 096 309\">(+351) 234 096 309<\/a><br \/>\n*Chamada para a rede fixa nacional<\/div> \n\t\t\t\t\t\t\t<\/div>\n\t\t<\/div>\n\t<\/div>\n<\/div>\t\t\t\t<\/div>\n\t\t\t\t<\/div>\n\t\t\t\t<div class=\"elementor-element elementor-element-8414737 pxl-contact-info-layout-1 elementor-invisible pxl-elementor-animate elementor-widget elementor-widget-pxl_contact_info\" data-id=\"8414737\" data-element_type=\"widget\" data-settings=\"{&quot;_animation&quot;:&quot;fadeInUp&quot;}\" data-widget_type=\"pxl_contact_info.default\">\n\t\t\t\t<div class=\"elementor-widget-container\">\n\t\t\t\t\t<div class=\"pxl-ci-wrap d-flex layout-1\">\n\t<div class=\"ci-content-wrap col\">\n\t\t<div class=\"d-flex content-inner\">\n\t\t\t<div class=\"ci-icons col-auto\">\n\t\t\t\t<span aria-hidden=\"true\" class=\"pxl-icon pxli pxli-email2\"><\/span>\t\t\t<\/div>\n\t\t\t<div class=\"ci-content col\">\n\t\t\t\t\t\t\t\t\t<h4 class=\"ci-title\">E-Mail<\/h4> \n\t\t\t\t\t\t\t\t\t\t\t\t\t<div class=\"ci-desc\"><a href=\"mailto:geral@passivhaus.pt\">geral@passivhaus.pt<\/a> <br \/>\n<\/div> \n\t\t\t\t\t\t\t<\/div>\n\t\t<\/div>\n\t<\/div>\n<\/div>\t\t\t\t<\/div>\n\t\t\t\t<\/div>\n\t\t            <\/div>\r\n        <\/div>\r\n                <div class=\"has_eae_slider has_ae_slider elementor-column elementor-col-66 elementor-top-column elementor-element elementor-element-027f493 pxl-column-element-default ae-bg-gallery-type-default\" data-eae-slider=\"74511\" data-id=\"027f493\" data-element_type=\"column\">\r\n        <div class=\"elementor-widget-wrap elementor-element-populated\">\r\n                     \r\n        \t\t<div class=\"elementor-element elementor-element-d3176aa animated-slow elementor-invisible pxl-elementor-animate elementor-widget elementor-widget-pxl_contact_form\" data-id=\"d3176aa\" data-element_type=\"widget\" data-settings=\"{&quot;_animation&quot;:&quot;fadeInUp&quot;,&quot;_animation_delay&quot;:600}\" data-widget_type=\"pxl_contact_form.default\">\n\t\t\t\t<div class=\"elementor-widget-container\">\n\t\t\t\t\t<div class=\"pxl-cf7-wrap relative style1\">\n    \n<div class=\"wpcf7 no-js\" id=\"wpcf7-f941-o1\" lang=\"pt-PT\" dir=\"ltr\" data-wpcf7-id=\"941\">\n<div class=\"screen-reader-response\"><p role=\"status\" aria-live=\"polite\" aria-atomic=\"true\"><\/p> <ul><\/ul><\/div>\n<form action=\"\/en\/wp-json\/wp\/v2\/pages\/10284#wpcf7-f941-o1\" method=\"post\" class=\"wpcf7-form init\" aria-label=\"Formul\u00e1rio de contacto\" novalidate=\"novalidate\" data-status=\"init\">\n<div style=\"display: none;\">\n<input type=\"hidden\" name=\"_wpcf7\" value=\"941\" \/>\n<input type=\"hidden\" name=\"_wpcf7_version\" value=\"6.0.6\" \/>\n<input type=\"hidden\" name=\"_wpcf7_locale\" value=\"pt_PT\" \/>\n<input type=\"hidden\" name=\"_wpcf7_unit_tag\" value=\"wpcf7-f941-o1\" \/>\n<input type=\"hidden\" name=\"_wpcf7_container_post\" value=\"0\" \/>\n<input type=\"hidden\" name=\"_wpcf7_posted_data_hash\" value=\"\" \/>\n<input type=\"hidden\" name=\"_wpcf7_recaptcha_response\" value=\"\" \/>\n<\/div>\n<div class=\"contact-main\">\n\t<div class=\"row\">\n\t\t<div class=\"col-12 col-sm-6\">\n\t\t\t<p><label>Nome:*<\/label><span class=\"wpcf7-form-control-wrap\" data-name=\"your-name\"><input size=\"40\" maxlength=\"400\" class=\"wpcf7-form-control wpcf7-text wpcf7-validates-as-required\" aria-required=\"true\" aria-invalid=\"false\" placeholder=\"Nome\" value=\"\" type=\"text\" name=\"your-name\" \/><\/span>\n\t\t\t<\/p>\n\t\t<\/div>\n\t\t<div class=\"col-12 col-sm-6\">\n\t\t\t<p><label>Email:*<\/label><span class=\"wpcf7-form-control-wrap\" data-name=\"your-email\"><input size=\"40\" maxlength=\"400\" class=\"wpcf7-form-control wpcf7-email wpcf7-validates-as-required wpcf7-text wpcf7-validates-as-email\" aria-required=\"true\" aria-invalid=\"false\" placeholder=\"Email\" value=\"\" type=\"email\" name=\"your-email\" \/><\/span>\n\t\t\t<\/p>\n\t\t<\/div>\n\t<\/div>\n\t<div class=\"row\">\n\t\t<div class=\"col-12 col-sm-6\">\n\t\t\t<p><label>N\u00famero de Telem\u00f3vel:*<\/label><span class=\"wpcf7-form-control-wrap\" data-name=\"your-phone\"><input size=\"40\" maxlength=\"400\" class=\"wpcf7-form-control wpcf7-tel wpcf7-validates-as-required wpcf7-text wpcf7-validates-as-tel\" aria-required=\"true\" aria-invalid=\"false\" placeholder=\"Telem\u00f3vel\" value=\"\" type=\"tel\" name=\"your-phone\" \/><\/span>\n\t\t\t<\/p>\n\t\t<\/div>\n\t\t<div class=\"col-12 col-sm-6\">\n\t\t\t<p><label>Assunto:*<\/label><span class=\"wpcf7-form-control-wrap\" data-name=\"your-subject\"><input size=\"40\" maxlength=\"400\" class=\"wpcf7-form-control wpcf7-text wpcf7-validates-as-required\" aria-required=\"true\" aria-invalid=\"false\" placeholder=\"Assunto\" value=\"\" type=\"text\" name=\"your-subject\" \/><\/span>\n\t\t\t<\/p>\n\t\t<\/div>\n\t<\/div>\n\t<div class=\"message\">\n\t\t<p><label>A sua Mensagem:*<\/label><span class=\"wpcf7-form-control-wrap\" data-name=\"your-message\"><textarea cols=\"40\" rows=\"9\" maxlength=\"2000\" class=\"wpcf7-form-control wpcf7-textarea\" aria-invalid=\"false\" placeholder=\"Escreva aqui a sua mensagem ...\" name=\"your-message\"><\/textarea><\/span>\n\t\t<\/p>\n\t<\/div>\n\t<p><button class=\"btn pxl-btn\" type=\"submit\"><span class=\"btn-text\">Enviar<\/span><span class=\"pxli-spinner\"><\/span><\/button>\n\t<\/p>\n<\/div><div class=\"wpcf7-response-output\" aria-hidden=\"true\"><\/div>\n<\/form>\n<\/div>\n \n<\/div>\t\t\t\t<\/div>\n\t\t\t\t<\/div>\n\t\t            <\/div>\r\n        <\/div>\r\n        \t\t\t<\/div>\n\t\t<\/section>\n\t\t        <section class=\"has_eae_slider has_ae_slider elementor-section elementor-top-section elementor-element elementor-element-0148eac elementor-section-boxed elementor-section-height-default elementor-section-height-default pxl-section-overflow-hidden-no ae-bg-gallery-type-default\" data-eae-slider=\"6527\" data-id=\"0148eac\" data-element_type=\"section\">\n\n                \n                <div class=\"elementor-container elementor-column-gap-default \">\n                <div class=\"has_eae_slider has_ae_slider elementor-column elementor-col-100 elementor-top-column elementor-element elementor-element-f857b30 pxl-column-element-default ae-bg-gallery-type-default\" data-eae-slider=\"80480\" data-id=\"f857b30\" data-element_type=\"column\">\r\n        <div class=\"elementor-widget-wrap elementor-element-populated\">\r\n                     \r\n        \t\t<div class=\"elementor-element elementor-element-cf5a989 pxl-contact-info-layout-1 elementor-invisible pxl-elementor-animate elementor-widget elementor-widget-pxl_contact_info\" data-id=\"cf5a989\" data-element_type=\"widget\" data-settings=\"{&quot;_animation&quot;:&quot;fadeInUp&quot;}\" data-widget_type=\"pxl_contact_info.default\">\n\t\t\t\t<div class=\"elementor-widget-container\">\n\t\t\t\t\t<div class=\"pxl-ci-wrap d-flex layout-1\">\n\t<div class=\"ci-content-wrap col\">\n\t\t<div class=\"d-flex content-inner\">\n\t\t\t<div class=\"ci-icons col-auto\">\n\t\t\t\t<span aria-hidden=\"true\" class=\"pxl-icon pxli pxli-users\"><\/span>\t\t\t<\/div>\n\t\t\t<div class=\"ci-content col\">\n\t\t\t\t\t\t\t\t\t<h4 class=\"ci-title\">Prote\u00e7\u00e3o de Dados<\/h4> \n\t\t\t\t\t\t\t\t\t\t\t\t\t<div class=\"ci-desc\">A privacidade e a seguran\u00e7a dos seus dados s\u00e3o muito importantes para n\u00f3s.<br \/>\nOs nossos subscritores podem, a qualquer momento, alterar, eliminar ou modificar os dados que partilham connosco de acordo com o Regulamento Geral de Prote\u00e7\u00e3o de Dados.<\/div> \n\t\t\t\t\t\t\t<\/div>\n\t\t<\/div>\n\t<\/div>\n<\/div>\t\t\t\t<\/div>\n\t\t\t\t<\/div>\n\t\t\t\t<div class=\"elementor-element elementor-element-061c9d8 elementor-widget elementor-widget-google_maps\" data-id=\"061c9d8\" data-element_type=\"widget\" data-widget_type=\"google_maps.default\">\n\t\t\t\t<div class=\"elementor-widget-container\">\n\t\t\t\t\t\t\t<div class=\"elementor-custom-embed\">\n\t\t\t<iframe loading=\"lazy\"\n\t\t\t\t\tsrc=\"https:\/\/maps.google.com\/maps?q=Academia%20Passivhaus%20044%2C%20Av.%2025%20de%20Abril%2033%2C%20%C3%8Dlhavo&#038;t=m&#038;z=14&#038;output=embed&#038;iwloc=near\"\n\t\t\t\t\ttitle=\"Academia Passivhaus 044, Av. 25 de Abril 33, \u00cdlhavo\"\n\t\t\t\t\taria-label=\"Academia Passivhaus 044, Av. 25 de Abril 33, \u00cdlhavo\"\n\t\t\t><\/iframe>\n\t\t<\/div>\n\t\t\t\t\t\t<\/div>\n\t\t\t\t<\/div>\n\t\t\t\t<div class=\"elementor-element elementor-element-bdb232b elementor-widget elementor-widget-spacer\" data-id=\"bdb232b\" data-element_type=\"widget\" data-widget_type=\"spacer.default\">\n\t\t\t\t<div class=\"elementor-widget-container\">\n\t\t\t\t\t\t\t<div class=\"elementor-spacer\">\n\t\t\t<div class=\"elementor-spacer-inner\"><\/div>\n\t\t<\/div>\n\t\t\t\t\t\t<\/div>\n\t\t\t\t<\/div>\n\t\t            <\/div>\r\n        <\/div>\r\n        \t\t\t<\/div>\n\t\t<\/section>\n\t\t\t\t<\/div>\n\t\t","protected":false},"excerpt":{"rendered":"<p>Morada Av. 25 de Abril, n\u00ba 33, 3\u00ba E\/F 3830 \u2013 044 \u00cdlhavo, Aveiro Telefone (+351) 234 096 309 *Chamada para a rede fixa nacional E-Mail geral@passivhaus.pt Nome:* Email:* N\u00famero [&hellip;]<\/p>\n","protected":false},"author":3,"featured_media":0,"parent":0,"menu_order":0,"comment_status":"closed","ping_status":"closed","template":"","meta":{"_acf_changed":false,"iawp_total_views":30,"footnotes":""},"class_list":["post-10284","page","type-page","status-publish","hentry"],"acf":[],"yoast_head":"<!-- This site is optimized with the Yoast SEO plugin v25.3 - https:\/\/yoast.com\/wordpress\/plugins\/seo\/ -->\n<title>Contacts - Associa\u00e7\u00e3o Passivhaus Portugal<\/title>\n<meta name=\"robots\" content=\"index, follow, max-snippet:-1, max-image-preview:large, max-video-preview:-1\" \/>\n<meta property=\"og:locale\" content=\"en_US\" \/>\n<meta property=\"og:type\" content=\"article\" \/>\n<meta property=\"og:title\" content=\"Contacts - Associa\u00e7\u00e3o Passivhaus Portugal\" \/>\n<meta property=\"og:description\" content=\"Morada Av. 25 de Abril, n\u00ba 33, 3\u00ba E\/F 3830 \u2013 044 \u00cdlhavo, Aveiro Telefone (+351) 234 096 309 *Chamada para a rede fixa nacional E-Mail geral@passivhaus.pt Nome:* Email:* N\u00famero [&hellip;]\" \/>\n<meta property=\"og:url\" content=\"https:\/\/passivhaus.pt\/en\/contacts\/\" \/>\n<meta property=\"og:site_name\" content=\"Associa\u00e7\u00e3o Passivhaus Portugal\" \/>\n<meta property=\"article:modified_time\" content=\"2023-08-09T15:11:38+00:00\" \/>\n<meta name=\"twitter:card\" content=\"summary_large_image\" \/>\n<script type=\"application\/ld+json\" class=\"yoast-schema-graph\">{\"@context\":\"https:\/\/schema.org\",\"@graph\":[{\"@type\":\"WebPage\",\"@id\":\"https:\/\/passivhaus.pt\/en\/contacts\/\",\"url\":\"https:\/\/passivhaus.pt\/en\/contacts\/\",\"name\":\"Contacts - Associa\u00e7\u00e3o Passivhaus Portugal\",\"isPartOf\":{\"@id\":\"https:\/\/passivhaus.pt\/en\/#website\"},\"datePublished\":\"2023-01-13T11:21:01+00:00\",\"dateModified\":\"2023-08-09T15:11:38+00:00\",\"breadcrumb\":{\"@id\":\"https:\/\/passivhaus.pt\/en\/contacts\/#breadcrumb\"},\"inLanguage\":\"en-US\",\"potentialAction\":[{\"@type\":\"ReadAction\",\"target\":[\"https:\/\/passivhaus.pt\/en\/contacts\/\"]}]},{\"@type\":\"BreadcrumbList\",\"@id\":\"https:\/\/passivhaus.pt\/en\/contacts\/#breadcrumb\",\"itemListElement\":[{\"@type\":\"ListItem\",\"position\":1,\"name\":\"Passivhaus Portugal\",\"item\":\"https:\/\/passivhaus.pt\/en\/\"},{\"@type\":\"ListItem\",\"position\":2,\"name\":\"Contacts\"}]},{\"@type\":\"WebSite\",\"@id\":\"https:\/\/passivhaus.pt\/en\/#website\",\"url\":\"https:\/\/passivhaus.pt\/en\/\",\"name\":\"Associa\u00e7\u00e3o Passivhaus Portugal\",\"description\":\"\",\"publisher\":{\"@id\":\"https:\/\/passivhaus.pt\/en\/#organization\"},\"potentialAction\":[{\"@type\":\"SearchAction\",\"target\":{\"@type\":\"EntryPoint\",\"urlTemplate\":\"https:\/\/passivhaus.pt\/en\/?s={search_term_string}\"},\"query-input\":{\"@type\":\"PropertyValueSpecification\",\"valueRequired\":true,\"valueName\":\"search_term_string\"}}],\"inLanguage\":\"en-US\"},{\"@type\":\"Organization\",\"@id\":\"https:\/\/passivhaus.pt\/en\/#organization\",\"name\":\"Associa\u00e7\u00e3o Passivhaus Portugal\",\"url\":\"https:\/\/passivhaus.pt\/en\/\",\"logo\":{\"@type\":\"ImageObject\",\"inLanguage\":\"en-US\",\"@id\":\"https:\/\/passivhaus.pt\/en\/#\/schema\/logo\/image\/\",\"url\":\"https:\/\/passivhaus.pt\/wp-content\/uploads\/2022\/02\/phpt_logo.png\",\"contentUrl\":\"https:\/\/passivhaus.pt\/wp-content\/uploads\/2022\/02\/phpt_logo.png\",\"width\":180,\"height\":100,\"caption\":\"Associa\u00e7\u00e3o Passivhaus Portugal\"},\"image\":{\"@id\":\"https:\/\/passivhaus.pt\/en\/#\/schema\/logo\/image\/\"}}]}<\/script>\n<!-- \/ Yoast SEO plugin. -->","yoast_head_json":{"title":"Contacts - Associa\u00e7\u00e3o Passivhaus Portugal","robots":{"index":"index","follow":"follow","max-snippet":"max-snippet:-1","max-image-preview":"max-image-preview:large","max-video-preview":"max-video-preview:-1"},"og_locale":"en_US","og_type":"article","og_title":"Contacts - Associa\u00e7\u00e3o Passivhaus Portugal","og_description":"Morada Av. 25 de Abril, n\u00ba 33, 3\u00ba E\/F 3830 \u2013 044 \u00cdlhavo, Aveiro Telefone (+351) 234 096 309 *Chamada para a rede fixa nacional E-Mail geral@passivhaus.pt Nome:* Email:* N\u00famero [&hellip;]","og_url":"https:\/\/passivhaus.pt\/en\/contacts\/","og_site_name":"Associa\u00e7\u00e3o Passivhaus Portugal","article_modified_time":"2023-08-09T15:11:38+00:00","twitter_card":"summary_large_image","schema":{"@context":"https:\/\/schema.org","@graph":[{"@type":"WebPage","@id":"https:\/\/passivhaus.pt\/en\/contacts\/","url":"https:\/\/passivhaus.pt\/en\/contacts\/","name":"Contacts - Associa\u00e7\u00e3o Passivhaus Portugal","isPartOf":{"@id":"https:\/\/passivhaus.pt\/en\/#website"},"datePublished":"2023-01-13T11:21:01+00:00","dateModified":"2023-08-09T15:11:38+00:00","breadcrumb":{"@id":"https:\/\/passivhaus.pt\/en\/contacts\/#breadcrumb"},"inLanguage":"en-US","potentialAction":[{"@type":"ReadAction","target":["https:\/\/passivhaus.pt\/en\/contacts\/"]}]},{"@type":"BreadcrumbList","@id":"https:\/\/passivhaus.pt\/en\/contacts\/#breadcrumb","itemListElement":[{"@type":"ListItem","position":1,"name":"Passivhaus Portugal","item":"https:\/\/passivhaus.pt\/en\/"},{"@type":"ListItem","position":2,"name":"Contacts"}]},{"@type":"WebSite","@id":"https:\/\/passivhaus.pt\/en\/#website","url":"https:\/\/passivhaus.pt\/en\/","name":"Associa\u00e7\u00e3o Passivhaus Portugal","description":"","publisher":{"@id":"https:\/\/passivhaus.pt\/en\/#organization"},"potentialAction":[{"@type":"SearchAction","target":{"@type":"EntryPoint","urlTemplate":"https:\/\/passivhaus.pt\/en\/?s={search_term_string}"},"query-input":{"@type":"PropertyValueSpecification","valueRequired":true,"valueName":"search_term_string"}}],"inLanguage":"en-US"},{"@type":"Organization","@id":"https:\/\/passivhaus.pt\/en\/#organization","name":"Associa\u00e7\u00e3o Passivhaus Portugal","url":"https:\/\/passivhaus.pt\/en\/","logo":{"@type":"ImageObject","inLanguage":"en-US","@id":"https:\/\/passivhaus.pt\/en\/#\/schema\/logo\/image\/","url":"https:\/\/passivhaus.pt\/wp-content\/uploads\/2022\/02\/phpt_logo.png","contentUrl":"https:\/\/passivhaus.pt\/wp-content\/uploads\/2022\/02\/phpt_logo.png","width":180,"height":100,"caption":"Associa\u00e7\u00e3o Passivhaus Portugal"},"image":{"@id":"https:\/\/passivhaus.pt\/en\/#\/schema\/logo\/image\/"}}]}},"_links":{"self":[{"href":"https:\/\/passivhaus.pt\/en\/wp-json\/wp\/v2\/pages\/10284","targetHints":{"allow":["GET"]}}],"collection":[{"href":"https:\/\/passivhaus.pt\/en\/wp-json\/wp\/v2\/pages"}],"about":[{"href":"https:\/\/passivhaus.pt\/en\/wp-json\/wp\/v2\/types\/page"}],"author":[{"embeddable":true,"href":"https:\/\/passivhaus.pt\/en\/wp-json\/wp\/v2\/users\/3"}],"replies":[{"embeddable":true,"href":"https:\/\/passivhaus.pt\/en\/wp-json\/wp\/v2\/comments?post=10284"}],"version-history":[{"count":0,"href":"https:\/\/passivhaus.pt\/en\/wp-json\/wp\/v2\/pages\/10284\/revisions"}],"wp:attachment":[{"href":"https:\/\/passivhaus.pt\/en\/wp-json\/wp\/v2\/media?parent=10284"}],"curies":[{"name":"wp","href":"https:\/\/api.w.org\/{rel}","templated":true}]}}